{"id":86,"date":"2013-02-18T16:08:44","date_gmt":"2013-02-18T16:08:44","guid":{"rendered":"http:\/\/localhost\/wordpress\/?page_id=86"},"modified":"2025-10-24T14:56:43","modified_gmt":"2025-10-24T12:56:43","slug":"azienda","status":"publish","type":"page","link":"https:\/\/www.ladragaggi.it\/fr\/azienda\/","title":{"rendered":"La Soci\u00e9t\u00e9"},"content":{"rendered":"<p>[vc_row][vc_column][vc_custom_heading text=\u00a0\u00bbLa Soci\u00e9t\u00e9\u00a0\u00bb use_theme_fonts=\u00a0\u00bbyes\u00a0\u00bb el_class=\u00a0\u00bbtitle\u00a0\u00bb][vc_column_text]<\/p>\n<p style=\"text-align: justify;\"><strong> LA DRAGAGGI s.r.l.<\/strong> est une importante soci\u00e9t\u00e9 implant\u00e9e dans l\u2019arri\u00e8re-pays v\u00e9nitien qui op\u00e8re dans le secteur maritime et fluvio-lagunaire depuis le d\u00e9but du si\u00e8cle dernier, sp\u00e9cifiquement ax\u00e9e sur le dragage, le nivellement du fond de la mer, l\u2019engraissement du littoral, la formation et l&rsquo;installation de barri\u00e8res rocheuses, le drainage de canaux et de ports, la construction maritime, la vivification de lais, la restauration des milieux lagunaires, l\u2019am\u00e9nagement de quais et la mariculture. La soci\u00e9t\u00e9 op\u00e8re sur tout le territoire italien ainsi qu\u2019\u00e0 l\u2019\u00e9tranger et son si\u00e8ge social se trouve \u00e0 Marghera (Venise). Pour faire face \u00e0 la concurrence internationale et toujours avoir des moyens et des instruments d&rsquo;avant-garde, la soci\u00e9t\u00e9 <strong> LA DRAGAGGI s.r.l.<\/strong> a investi en \u00e9quipements et dans la recherche. Nous avons l&rsquo;exclusivit\u00e9 de poss\u00e9der la seule TSHD italienne (Trailing suction hopper dredger) drague suceuse porteuse \u00e0 \u00e9linde trainante, autorefoulante et autopropuls\u00e9e qui peut projeter les mat\u00e9riaux au moyen de tuyaux jusqu&rsquo;\u00e0 4 km de distance, sans besoin de stations de pompage interm\u00e9diaires. Pour effectuer les diff\u00e9rents types d\u2019intervention <strong> LA DRAGAGGI s.r.l.<\/strong> se pr\u00e9vaut d\u2019une flotte compos\u00e9e des moyens suivants:<\/p>\n<ul>\n<li><a href=\"https:\/\/www.ladragaggi.it\/portfolio\/m-n-draga-gino-cucco\/\">Drague automotrice \u201cGino Cucco\u201d<\/a><\/li>\n<li><a href=\"https:\/\/www.ladragaggi.it\/portfolio\/giuseppe-cucco\/\">Barge automotrice \u201cGiuseppe Cucco\u201d<\/a><\/li>\n<li><a href=\"https:\/\/www.ladragaggi.it\/portfolio\/m-n-claudio-cucco\/\">Automoteur \u201cClaudio Cucco\u201d<\/a><\/li>\n<li><a href=\"https:\/\/www.ladragaggi.it\/portfolio\/pontone-componibile-la-dragaggi-ex43\/\">Ponton modulaire \u201cLa Dragaggi EX43\u201d<\/a><\/li>\n<li><a href=\"https:\/\/www.ladragaggi.it\/fr\/portfolio\/mezzi-complementari\/\">Excavatrices hydrauliques terrestres<\/a> pour les op\u00e9rations d\u2019engraissement du littoral, la vivification des lais, les travaux de terrassement et les am\u00e9nagements de quais.<\/li>\n<\/ul>\n<p style=\"text-align: justify;\">Les principaux moyens sont g\u00e9r\u00e9s dans le respect des standards internationaux et dot\u00e9s de manuel de s\u00e9curit\u00e9 ISM (International Security Management) Le bureau technique et d\u2019ing\u00e9nierie, ainsi que le savoir-faire acquis au cours de 4 g\u00e9n\u00e9rations de <strong> LA DRAGAGGI s.r.l.<\/strong> est en mesure de fournir des solutions aux probl\u00e8mes concernant les dragages de ports, les dragages de darses, les engraissements du littoral, l\u2019hydraulique fluviale et les constructions maritimes. L\u2019investissement continu et constant dans la recherche des technologies les plus avanc\u00e9es, a port\u00e9 <strong> LA DRAGAGGI s.r.l.<\/strong> \u00e0 se doter de moyens uniques ayant des caract\u00e9ristiques exclusives sur le territoire italien, en mesure de r\u00e9aliser des interventions maritimes et c\u00f4ti\u00e8res de la mani\u00e8re la plus efficace et durable. La situation constante de d\u00e9ficit s\u00e9dimentaire, pr\u00e9sente dans la plus grande partie du littoral italien, a pouss\u00e9 <strong> LA DRAGAGGI s.r.l.<\/strong> \u00e0 se sp\u00e9cialiser dans l\u2019extraction de sable dans les mines de mer et dans le dragage s\u00e9lectif de surface avec une pr\u00e9cision allant jusqu\u2019au centim\u00e8tre.<br \/>\n<strong>LA DRAGAGGI s.r.l.<\/strong> est certifi\u00e9 pour la conformit\u00e9 du syst\u00e8me de gestion de la qualit\u00e9 \u00e0 la norme ISO 9001:2015, pour la conformit\u00e9 du syst\u00e8me de gestion de l&rsquo;environnement \u00e0 la norme ISO 14001:2015 et pour la conformit\u00e9 du syst\u00e8me de gestion de la sant\u00e9 et de la s\u00e9curit\u00e9 \u00e0 la norme ISO 45001:2018 pour le secteur d&rsquo;activit\u00e9 suivant: EX\u00c9CUTION DE TRAVAUX MARITIMES ET FLUVIALS, OP\u00c9RATIONS D&rsquo;EXCAVATION ET DE DRAGAGE.<br \/>\nDe plus, la soci\u00e9t\u00e9 est poss\u00e8de les qualifications SOA Cat. OG7 \u0152UVRES MARITIMES ET TRAVAUX DE DRAGAGE classification VII.<br \/>\nEn 2021, cette organisation a adopt\u00e9 un syst\u00e8me de gestion environnementale conforme au r\u00e8glement <strong>EMAS<\/strong> afin de mettre en \u0153uvre l&rsquo;am\u00e9lioration continue de ses performances environnementales et de publier une d\u00e9claration environnementale.<\/p>\n<p>[\/vc_column_text][\/vc_column][\/vc_row][vc_row][vc_column][vc_empty_space height=\u00a0\u00bb10px\u00a0\u00bb][\/vc_column][\/vc_row][vc_row full_width=\u00a0\u00bbstretch_row\u00a0\u00bb equal_height=\u00a0\u00bbyes\u00a0\u00bb content_placement=\u00a0\u00bbmiddle\u00a0\u00bb][vc_column width=\u00a0\u00bb1\/5&Prime;][vc_single_image image=\u00a0\u00bb3211&Prime; img_size=\u00a0\u00bbfull\u00a0\u00bb alignment=\u00a0\u00bbcenter\u00a0\u00bb][\/vc_column][vc_column width=\u00a0\u00bb1\/5&Prime;][vc_single_image image=\u00a0\u00bb3203&Prime; img_size=\u00a0\u00bbfull\u00a0\u00bb alignment=\u00a0\u00bbcenter\u00a0\u00bb][\/vc_column][vc_column width=\u00a0\u00bb1\/5&Prime;][vc_single_image image=\u00a0\u00bb6152&Prime; img_size=\u00a0\u00bbfull\u00a0\u00bb alignment=\u00a0\u00bbcenter\u00a0\u00bb][\/vc_column][vc_column width=\u00a0\u00bb1\/5&Prime; css=\u00a0\u00bb.vc_custom_1633098765771{border-top-width: 1px !important;border-right-width: 1px !important;border-bottom-width: 1px !important;border-left-width: 1px !important;border-left-color: #d8d8d8 !important;border-left-style: solid !important;border-right-color: #d8d8d8 !important;border-right-style: solid !important;border-top-color: #d8d8d8 !important;border-top-style: solid !important;border-bottom-color: #d8d8d8 !important;border-bottom-style: solid !important;}\u00a0\u00bb][vc_single_image image=\u00a0\u00bb4195&Prime; img_size=\u00a0\u00bbfull\u00a0\u00bb alignment=\u00a0\u00bbcenter\u00a0\u00bb onclick=\u00a0\u00bbcustom_link\u00a0\u00bb img_link_target=\u00a0\u00bb_blank\u00a0\u00bb link=\u00a0\u00bbhttps:\/\/www.ladragaggi.it\/wp-content\/uploads\/2023\/01\/Politica-QAS-2022.pdf\u00a0\u00bb css=\u00a0\u00bb.vc_custom_1744627325149{border-top-width: 1px !important;border-right-width: 1px !important;border-bottom-width: 1px !important;border-left-width: 1px !important;border-left-color: #e8e8e8 !important;border-left-style: solid !important;border-right-color: #e8e8e8 !important;border-right-style: solid !important;border-top-color: #e8e8e8 !important;border-top-style: solid !important;border-bottom-color: #e8e8e8 !important;border-bottom-style: solid !important;}\u00a0\u00bb][\/vc_column][vc_column width=\u00a0\u00bb1\/5&Prime;][vc_single_image image=\u00a0\u00bb4194&Prime; img_size=\u00a0\u00bbfull\u00a0\u00bb alignment=\u00a0\u00bbcenter\u00a0\u00bb onclick=\u00a0\u00bbcustom_link\u00a0\u00bb img_link_target=\u00a0\u00bb_blank\u00a0\u00bb link=\u00a0\u00bbhttps:\/\/www.ladragaggi.it\/wp-content\/uploads\/2020\/10\/frontespizio-e-indice-MOG-E-CODICE-ETICO.pdf\u00a0\u00bb css=\u00a0\u00bb.vc_custom_1673340955209{border-top-width: 1px !important;border-right-width: 1px !important;border-bottom-width: 1px !important;border-left-width: 1px !important;border-left-color: #e8e8e8 !important;border-left-style: solid !important;border-right-color: #e8e8e8 !important;border-right-style: solid !important;border-top-color: #e8e8e8 !important;border-top-style: solid !important;border-bottom-color: #e8e8e8 !important;border-bottom-style: solid !important;}\u00a0\u00bb][\/vc_column][\/vc_row][vc_row][vc_column][vc_empty_space height=\u00a0\u00bb20px\u00a0\u00bb][\/vc_column][\/vc_row][vc_row equal_height=\u00a0\u00bbyes\u00a0\u00bb content_placement=\u00a0\u00bbmiddle\u00a0\u00bb][vc_column width=\u00a0\u00bb1\/5&Prime;][\/vc_column][vc_column width=\u00a0\u00bb1\/5&Prime;][vc_single_image image=\u00a0\u00bb5730&Prime; img_size=\u00a0\u00bbfull\u00a0\u00bb alignment=\u00a0\u00bbcenter\u00a0\u00bb][\/vc_column][vc_column width=\u00a0\u00bb1\/5&Prime;][vc_single_image image=\u00a0\u00bb6220&Prime; img_size=\u00a0\u00bbfull\u00a0\u00bb alignment=\u00a0\u00bbcenter\u00a0\u00bb onclick=\u00a0\u00bbcustom_link\u00a0\u00bb img_link_target=\u00a0\u00bb_blank\u00a0\u00bb link=\u00a0\u00bbhttps:\/\/www.ladragaggi.it\/wp-content\/uploads\/2025\/04\/DA-La-Dragaggi-convalidato-04.04.2025.pdf\u00a0\u00bb css=\u00a0\u00bb.vc_custom_1744626749974{border-top-width: 1px !important;border-right-width: 1px !important;border-bottom-width: 1px !important;border-left-width: 1px !important;border-left-color: #e8e8e8 !important;border-left-style: solid !important;border-right-color: #e8e8e8 !important;border-right-style: solid !important;border-top-color: #e8e8e8 !important;border-top-style: solid !important;border-bottom-color: #e8e8e8 !important;border-bottom-style: solid !important;}\u00a0\u00bb][\/vc_column][vc_column width=\u00a0\u00bb1\/5&Prime;][vc_single_image image=\u00a0\u00bb6048&Prime; img_size=\u00a0\u00bbfull\u00a0\u00bb alignment=\u00a0\u00bbcenter\u00a0\u00bb][\/vc_column][vc_column width=\u00a0\u00bb1\/5&Prime;][\/vc_column][\/vc_row]<\/p>","protected":false},"excerpt":{"rendered":"<p>[vc_row][vc_column][vc_custom_heading text=\u00a0\u00bbLa Soci\u00e9t\u00e9\u00a0\u00bb use_theme_fonts=\u00a0\u00bbyes\u00a0\u00bb el_class=\u00a0\u00bbtitle\u00a0\u00bb][vc_column_text] LA DRAGAGGI s.r.l. est une importante soci\u00e9t\u00e9 implant\u00e9e dans l\u2019arri\u00e8re-pays v\u00e9nitien qui op\u00e8re dans le secteur maritime et fluvio-lagunaire depuis le d\u00e9but du si\u00e8cle dernier, sp\u00e9cifiquement ax\u00e9e sur le dragage, le nivellement du fond de &hellip;<\/p>\n","protected":false},"author":1,"featured_media":0,"parent":0,"menu_order":0,"comment_status":"open","ping_status":"open","template":"","meta":{"footnotes":""},"class_list":["post-86","page","type-page","status-publish","hentry"],"_links":{"self":[{"href":"https:\/\/www.ladragaggi.it\/fr\/wp-json\/wp\/v2\/pages\/86","targetHints":{"allow":["GET"]}}],"collection":[{"href":"https:\/\/www.ladragaggi.it\/fr\/wp-json\/wp\/v2\/pages"}],"about":[{"href":"https:\/\/www.ladragaggi.it\/fr\/wp-json\/wp\/v2\/types\/page"}],"author":[{"embeddable":true,"href":"https:\/\/www.ladragaggi.it\/fr\/wp-json\/wp\/v2\/users\/1"}],"replies":[{"embeddable":true,"href":"https:\/\/www.ladragaggi.it\/fr\/wp-json\/wp\/v2\/comments?post=86"}],"version-history":[{"count":221,"href":"https:\/\/www.ladragaggi.it\/fr\/wp-json\/wp\/v2\/pages\/86\/revisions"}],"predecessor-version":[{"id":6287,"href":"https:\/\/www.ladragaggi.it\/fr\/wp-json\/wp\/v2\/pages\/86\/revisions\/6287"}],"wp:attachment":[{"href":"https:\/\/www.ladragaggi.it\/fr\/wp-json\/wp\/v2\/media?parent=86"}],"curies":[{"name":"wp","href":"https:\/\/api.w.org\/{rel}","templated":true}]}}