{"id":650,"date":"2014-04-15T08:27:32","date_gmt":"2014-04-15T08:27:32","guid":{"rendered":"https:\/\/www.ladragaggi.it\/?page_id=650"},"modified":"2023-11-03T12:16:55","modified_gmt":"2023-11-03T10:16:55","slug":"tecnologia-ihc-stpm","status":"publish","type":"page","link":"https:\/\/www.ladragaggi.it\/fr\/tecnologia-ihc-stpm\/","title":{"rendered":"Technologie IHC STPM\u00ae"},"content":{"rendered":"<p>[vc_row][vc_column][vc_column_text]<a title=\"GINO CUCCO\" href=\"https:\/\/www.ladragaggi.it\/it\/portfolio\/m-n-draga-gino-cucco\/\">Retour \u00e0 la description M\/N Gino Cucco<\/a>[\/vc_column_text][\/vc_column][\/vc_row][vc_row][vc_column][\/vc_column][\/vc_row][vc_row][vc_column width=\u00a0\u00bb3\/4&Prime;][vc_custom_heading text=\u00a0\u00bbTechnologie IHC STPM\u00ae\u00a0\u00bb use_theme_fonts=\u00a0\u00bbyes\u00a0\u00bb el_class=\u00a0\u00bbtitle\u00a0\u00bb][vc_column_text]<\/p>\n<p style=\"text-align: justify;\">La technologie IHC STPM\u00ae <i>(Suction Tube Position Monitor), <\/i>install\u00e9e sur la drague automotrice Gino Cucco, consiste en un contr\u00f4le de la position de la conduite d\u2019aspiration pour r\u00e9pondre pleinement aux exigences d\u2019un dragage efficace. Elle permet d&rsquo;offrir \u00e0 tout moment un cadre continu tant au commandant qu\u2019au dragueur, leur permettant ainsi de travailler de mani\u00e8re synergique.<\/p>\n<p style=\"text-align: justify;\">Les principaux param\u00e8tres pr\u00e9sent\u00e9s par voie num\u00e9rique par la technologie IHC STPM\u00ae sont:<\/p>\n<ul>\n<li>La position tridimensionnelle du tuyau d&rsquo;aspiration et de la \u00ab drag head \u00bb en fonction du plan central de l\u2019orientation de la drague dans une grille de la zone;<\/li>\n<li>La position de la drague par rapport \u00e0 la surface de l\u2019eau.<\/li>\n<\/ul>\n<p style=\"text-align: justify;\">Ces donn\u00e9es, ajout\u00e9es aux coordonn\u00e9es g\u00e9ographiques obtenues par le DGPS et par un syst\u00e8me de relev\u00e9s, fournissent \u00e0 l\u2019op\u00e9rateur de la drague un cadre complet de la position g\u00e9ographique correcte et de la profondeur de dragage. Avec ces instruments le dragueur, coordonn\u00e9 par le commandant du navire, r\u00e9ussit \u00e0 draguer le plus efficacement possible.<\/p>\n<p style=\"text-align: justify;\">Pour r\u00e9pondre \u00e0 la demande \u00e9lev\u00e9e de pr\u00e9senter de mani\u00e8re simple et innovante le plan de travail de la drague sur les cartes hydrographiques, a \u00e9t\u00e9 install\u00e9 le logiciel DTPS (dredge track presentation system), qui permet au dragueur de v\u00e9rifier en temps r\u00e9el les mises \u00e0 jour de la cartographie bathym\u00e9trique num\u00e9rique.<\/p>\n<p>[\/vc_column_text][\/vc_column][vc_column width=\u00a0\u00bb1\/4&Prime;][vc_empty_space height=\u00a0\u00bb20px\u00a0\u00bb][vc_single_image image=\u00a0\u00bb653&Prime; img_size=\u00a0\u00bbfull\u00a0\u00bb add_caption=\u00a0\u00bbyes\u00a0\u00bb alignment=\u00a0\u00bbcenter\u00a0\u00bb][vc_single_image image=\u00a0\u00bb654&Prime; img_size=\u00a0\u00bbfull\u00a0\u00bb add_caption=\u00a0\u00bbyes\u00a0\u00bb alignment=\u00a0\u00bbcenter\u00a0\u00bb][\/vc_column][\/vc_row]<\/p>","protected":false},"excerpt":{"rendered":"<p>[vc_row][vc_column][vc_column_text]Retour \u00e0 la description M\/N Gino Cucco[\/vc_column_text][\/vc_column][\/vc_row][vc_row][vc_column][\/vc_column][\/vc_row][vc_row][vc_column width=\u00a0\u00bb3\/4&Prime;][vc_custom_heading text=\u00a0\u00bbTechnologie IHC STPM\u00ae\u00a0\u00bb use_theme_fonts=\u00a0\u00bbyes\u00a0\u00bb el_class=\u00a0\u00bbtitle\u00a0\u00bb][vc_column_text] La technologie IHC STPM\u00ae (Suction Tube Position Monitor), install\u00e9e sur la drague automotrice Gino Cucco, consiste en un contr\u00f4le de la position de la conduite d\u2019aspiration pour &hellip;<\/p>\n","protected":false},"author":1,"featured_media":0,"parent":0,"menu_order":0,"comment_status":"open","ping_status":"open","template":"","meta":{"footnotes":""},"class_list":["post-650","page","type-page","status-publish","hentry"],"_links":{"self":[{"href":"https:\/\/www.ladragaggi.it\/fr\/wp-json\/wp\/v2\/pages\/650","targetHints":{"allow":["GET"]}}],"collection":[{"href":"https:\/\/www.ladragaggi.it\/fr\/wp-json\/wp\/v2\/pages"}],"about":[{"href":"https:\/\/www.ladragaggi.it\/fr\/wp-json\/wp\/v2\/types\/page"}],"author":[{"embeddable":true,"href":"https:\/\/www.ladragaggi.it\/fr\/wp-json\/wp\/v2\/users\/1"}],"replies":[{"embeddable":true,"href":"https:\/\/www.ladragaggi.it\/fr\/wp-json\/wp\/v2\/comments?post=650"}],"version-history":[{"count":39,"href":"https:\/\/www.ladragaggi.it\/fr\/wp-json\/wp\/v2\/pages\/650\/revisions"}],"predecessor-version":[{"id":5873,"href":"https:\/\/www.ladragaggi.it\/fr\/wp-json\/wp\/v2\/pages\/650\/revisions\/5873"}],"wp:attachment":[{"href":"https:\/\/www.ladragaggi.it\/fr\/wp-json\/wp\/v2\/media?parent=650"}],"curies":[{"name":"wp","href":"https:\/\/api.w.org\/{rel}","templated":true}]}}