{"id":5896,"date":"2024-01-05T11:03:06","date_gmt":"2024-01-05T09:03:06","guid":{"rendered":"https:\/\/www.ladragaggi.it\/?page_id=5896"},"modified":"2024-01-05T11:03:06","modified_gmt":"2024-01-05T09:03:06","slug":"barena-burano-ripristino-geomorfologico-ambienti-lagunari-2","status":"publish","type":"page","link":"https:\/\/www.ladragaggi.it\/fr\/barena-burano-ripristino-geomorfologico-ambienti-lagunari-2\/","title":{"rendered":"BARENA BURANO &#8211; REMISE EN \u00c9TAT G\u00c9OMORPHOLOGIQUE DES ZONES LAGUNAIRES"},"content":{"rendered":"<p>[vc_row][vc_column][vc_column_text]<a title=\"Ripristino geomorfologico ambienti lagunari\" href=\"..\/portfolio\/ripristino-geomorfologico-habitat-naturali\/\">Torna alla pagina Ripristino geomorfologico ambienti lagunari<\/a><\/p>\n<p style=\"text-align: center;\"><strong>Restauration g\u00e9omorphologique du marais salant de la localit\u00e9 de BURANO \u00e0 Venise<\/strong><\/p>\n<p style=\"text-align: left;\"><em>Effectu\u00e9 par la compagnie La Dragaggi srl avec le<a title=\"M\/N Draga \u201cGINO CUCCO\u201d\" href=\"https:\/\/www.ladragaggi.it\/it\/portfolio\/m-n-draga-gino-cucco\/\"> Drague Automotrice Gino Cucco<\/a><\/em><\/p>\n<p>Printemps\/\u00e9t\u00e9 1994[\/vc_column_text][vc_images_carousel images=\u00a0\u00bb5897,5898,5899,5900,5901,5902,5903,5904,5905&Prime; img_size=\u00a0\u00bblarge\u00a0\u00bb][\/vc_column][\/vc_row]<\/p>","protected":false},"excerpt":{"rendered":"<p>[vc_row][vc_column][vc_column_text]Torna alla pagina Ripristino geomorfologico ambienti lagunari Restauration g\u00e9omorphologique du marais salant de la localit\u00e9 de BURANO \u00e0 Venise Effectu\u00e9 par la compagnie La Dragaggi srl avec le Drague Automotrice Gino Cucco Printemps\/\u00e9t\u00e9 1994[\/vc_column_text][vc_images_carousel images=\u00a0\u00bb5897,5898,5899,5900,5901,5902,5903,5904,5905&Prime; img_size=\u00a0\u00bblarge\u00a0\u00bb][\/vc_column][\/vc_row]<\/p>\n","protected":false},"author":4,"featured_media":0,"parent":0,"menu_order":0,"comment_status":"closed","ping_status":"closed","template":"","meta":{"footnotes":""},"class_list":["post-5896","page","type-page","status-publish","hentry"],"_links":{"self":[{"href":"https:\/\/www.ladragaggi.it\/fr\/wp-json\/wp\/v2\/pages\/5896","targetHints":{"allow":["GET"]}}],"collection":[{"href":"https:\/\/www.ladragaggi.it\/fr\/wp-json\/wp\/v2\/pages"}],"about":[{"href":"https:\/\/www.ladragaggi.it\/fr\/wp-json\/wp\/v2\/types\/page"}],"author":[{"embeddable":true,"href":"https:\/\/www.ladragaggi.it\/fr\/wp-json\/wp\/v2\/users\/4"}],"replies":[{"embeddable":true,"href":"https:\/\/www.ladragaggi.it\/fr\/wp-json\/wp\/v2\/comments?post=5896"}],"version-history":[{"count":1,"href":"https:\/\/www.ladragaggi.it\/fr\/wp-json\/wp\/v2\/pages\/5896\/revisions"}],"predecessor-version":[{"id":5906,"href":"https:\/\/www.ladragaggi.it\/fr\/wp-json\/wp\/v2\/pages\/5896\/revisions\/5906"}],"wp:attachment":[{"href":"https:\/\/www.ladragaggi.it\/fr\/wp-json\/wp\/v2\/media?parent=5896"}],"curies":[{"name":"wp","href":"https:\/\/api.w.org\/{rel}","templated":true}]}}