{"id":5152,"date":"2022-08-29T15:56:15","date_gmt":"2022-08-29T13:56:15","guid":{"rendered":"https:\/\/www.ladragaggi.it\/?page_id=5152"},"modified":"2022-08-29T15:56:15","modified_gmt":"2022-08-29T13:56:15","slug":"oneglia-imperia-dragaggi-portuali-2","status":"publish","type":"page","link":"https:\/\/www.ladragaggi.it\/fr\/oneglia-imperia-dragaggi-portuali-2\/","title":{"rendered":"ONEGLIA (IMPERIA) &#8211; DRAGAGES DE PORTS"},"content":{"rendered":"<p>[vc_row][vc_column][vc_column_text]<a title=\"Dragaggi portuali\" href=\"..\/portfolio\/dragaggi-portuali\/\">Torna alla pagina Dragaggi portuali<\/a><\/p>\n<p style=\"text-align: center;\"><strong>Dragage du Port de ONEGLIA (IMPERIA)<\/strong><\/p>\n<p><em>Effectu\u00e9 par la compagnie La Dragaggi srl avec le <a href=\"https:\/\/www.ladragaggi.it\/it\/portfolio\/giuseppe-cucco\/\">Barge automotrice Giuseppe Cucco<\/a><\/em><\/p>\n<p style=\"text-align: left;\">\u00c9t\u00e9 2008<\/p>\n<p>[\/vc_column_text][vc_images_carousel images=\u00a0\u00bb5155,5154,5156,5157,5158,5159,5160,5161,5162,5163&Prime; img_size=\u00a0\u00bblarge\u00a0\u00bb][\/vc_column][\/vc_row]<\/p>","protected":false},"excerpt":{"rendered":"<p>[vc_row][vc_column][vc_column_text]Torna alla pagina Dragaggi portuali Dragage du Port de ONEGLIA (IMPERIA) Effectu\u00e9 par la compagnie La Dragaggi srl avec le Barge automotrice Giuseppe Cucco \u00c9t\u00e9 2008 [\/vc_column_text][vc_images_carousel images=\u00a0\u00bb5155,5154,5156,5157,5158,5159,5160,5161,5162,5163&Prime; img_size=\u00a0\u00bblarge\u00a0\u00bb][\/vc_column][\/vc_row]<\/p>\n","protected":false},"author":4,"featured_media":0,"parent":0,"menu_order":0,"comment_status":"closed","ping_status":"closed","template":"","meta":{"footnotes":""},"class_list":["post-5152","page","type-page","status-publish","hentry"],"_links":{"self":[{"href":"https:\/\/www.ladragaggi.it\/fr\/wp-json\/wp\/v2\/pages\/5152","targetHints":{"allow":["GET"]}}],"collection":[{"href":"https:\/\/www.ladragaggi.it\/fr\/wp-json\/wp\/v2\/pages"}],"about":[{"href":"https:\/\/www.ladragaggi.it\/fr\/wp-json\/wp\/v2\/types\/page"}],"author":[{"embeddable":true,"href":"https:\/\/www.ladragaggi.it\/fr\/wp-json\/wp\/v2\/users\/4"}],"replies":[{"embeddable":true,"href":"https:\/\/www.ladragaggi.it\/fr\/wp-json\/wp\/v2\/comments?post=5152"}],"version-history":[{"count":1,"href":"https:\/\/www.ladragaggi.it\/fr\/wp-json\/wp\/v2\/pages\/5152\/revisions"}],"predecessor-version":[{"id":5164,"href":"https:\/\/www.ladragaggi.it\/fr\/wp-json\/wp\/v2\/pages\/5152\/revisions\/5164"}],"wp:attachment":[{"href":"https:\/\/www.ladragaggi.it\/fr\/wp-json\/wp\/v2\/media?parent=5152"}],"curies":[{"name":"wp","href":"https:\/\/api.w.org\/{rel}","templated":true}]}}