{"id":4700,"date":"2021-12-28T18:21:16","date_gmt":"2021-12-28T16:21:16","guid":{"rendered":"https:\/\/www.ladragaggi.it\/?page_id=4700"},"modified":"2025-10-30T13:32:10","modified_gmt":"2025-10-30T11:32:10","slug":"ortona-costruzione-e-manutenzione-scogliere","status":"publish","type":"page","link":"https:\/\/www.ladragaggi.it\/fr\/ortona-costruzione-e-manutenzione-scogliere\/","title":{"rendered":"ORTONA &#8211; CONSTRUCTION ET ENTRETIEN DE BARRI\u00c8RES ROCHEUSES"},"content":{"rendered":"<p>[vc_row][vc_column][vc_column_text]<a title=\"Costruzione e manutenzione scogliere\" href=\"..\/portfolio\/costruzione-e-manutenzione-scogliere\/\">Torna alla pagina Costruzione e manutenzione scogliere<\/a><\/p>\n<p style=\"text-align: center;\"><strong>Travaux de\u00a0r\u00e9am\u00e9nagement des falaises de la commune de ORTONA<\/strong><\/p>\n<p style=\"text-align: left;\"><em>Effectu\u00e9 par la compagnie La Dragaggi srl avec le Ponton automoteur Dragonda et avec le Ponton automoteur Inmare I<\/em><\/p>\n<p>2017\/2018[\/vc_column_text][vc_images_carousel images=\u00a0\u00bb4702,4703,4704,4705,4706,4707,4708,4709,4710,4711,4712,4713,4714,4715,4716&Prime; img_size=\u00a0\u00bblarge\u00a0\u00bb][\/vc_column][\/vc_row]<\/p>","protected":false},"excerpt":{"rendered":"<p>[vc_row][vc_column][vc_column_text]Torna alla pagina Costruzione e manutenzione scogliere Travaux de\u00a0r\u00e9am\u00e9nagement des falaises de la commune de ORTONA Effectu\u00e9 par la compagnie La Dragaggi srl avec le Ponton automoteur Dragonda et avec le Ponton automoteur Inmare I 2017\/2018[\/vc_column_text][vc_images_carousel images=\u00a0\u00bb4702,4703,4704,4705,4706,4707,4708,4709,4710,4711,4712,4713,4714,4715,4716&Prime; img_size=\u00a0\u00bblarge\u00a0\u00bb][\/vc_column][\/vc_row]<\/p>\n","protected":false},"author":4,"featured_media":0,"parent":0,"menu_order":0,"comment_status":"closed","ping_status":"closed","template":"","meta":{"footnotes":""},"class_list":["post-4700","page","type-page","status-publish","hentry"],"_links":{"self":[{"href":"https:\/\/www.ladragaggi.it\/fr\/wp-json\/wp\/v2\/pages\/4700","targetHints":{"allow":["GET"]}}],"collection":[{"href":"https:\/\/www.ladragaggi.it\/fr\/wp-json\/wp\/v2\/pages"}],"about":[{"href":"https:\/\/www.ladragaggi.it\/fr\/wp-json\/wp\/v2\/types\/page"}],"author":[{"embeddable":true,"href":"https:\/\/www.ladragaggi.it\/fr\/wp-json\/wp\/v2\/users\/4"}],"replies":[{"embeddable":true,"href":"https:\/\/www.ladragaggi.it\/fr\/wp-json\/wp\/v2\/comments?post=4700"}],"version-history":[{"count":3,"href":"https:\/\/www.ladragaggi.it\/fr\/wp-json\/wp\/v2\/pages\/4700\/revisions"}],"predecessor-version":[{"id":6339,"href":"https:\/\/www.ladragaggi.it\/fr\/wp-json\/wp\/v2\/pages\/4700\/revisions\/6339"}],"wp:attachment":[{"href":"https:\/\/www.ladragaggi.it\/fr\/wp-json\/wp\/v2\/media?parent=4700"}],"curies":[{"name":"wp","href":"https:\/\/api.w.org\/{rel}","templated":true}]}}