{"id":349,"date":"2013-05-15T09:00:12","date_gmt":"2013-05-15T09:00:12","guid":{"rendered":"http:\/\/95.110.179.245\/ladragaggi2\/?page_id=349"},"modified":"2021-10-15T14:55:48","modified_gmt":"2021-10-15T12:55:48","slug":"processo-di-washing-sedimentologico","status":"publish","type":"page","link":"https:\/\/www.ladragaggi.it\/fr\/processo-di-washing-sedimentologico\/","title":{"rendered":"Proc\u00e9d\u00e9 de washing s\u00e9dimentologique"},"content":{"rendered":"<p>[vc_row][vc_column][vc_column_text]<a title=\"GINO CUCCO\" href=\"https:\/\/www.ladragaggi.it\/it\/portfolio\/m-n-draga-gino-cucco\/\">Retour \u00e0 la description M\/N Gino Cucco<\/a>[\/vc_column_text][\/vc_column][\/vc_row][vc_row][vc_column width=\u00a0\u00bb5\/12&Prime;][vc_single_image image=\u00a0\u00bb357&Prime; img_size=\u00a0\u00bbfull\u00a0\u00bb alignment=\u00a0\u00bbcenter\u00a0\u00bb][\/vc_column][vc_column width=\u00a0\u00bb7\/12&Prime;][vc_custom_heading text=\u00a0\u00bbProc\u00e9d\u00e9 de \u00ab\u00a0washing s\u00e9dimentologique\u00ab\u00a0 par \u00ab\u00a0overflow system\u00ab\u00a0\u00a0\u00bb use_theme_fonts=\u00a0\u00bbyes\u00a0\u00bb el_class=\u00a0\u00bbtitle\u00a0\u00bb][vc_column_text]<\/p>\n<p style=\"text-align: justify;\">Les mat\u00e9riaux extraits par la drague automotrice Gino Cucco sont aspir\u00e9s sous forme de m\u00e9lange d\u2019eau et de sable; par cons\u00e9quent la fraction granulom\u00e9trique sableuse, qui se d\u00e9posera sur le fond de la tr\u00e9mie, sera d\u00e9lav\u00e9e de ses composants les plus fins (limes et argile), qui resteront en suspens et seront ensuite rejet\u00e9s en mer par les d\u00e9versoirs lat\u00e9raux (overflow system).<br \/>\nCela repr\u00e9sente un gros avantage pour les op\u00e9rations d\u2019engraissement car en termes de granulom\u00e9trie les mat\u00e9riaux extraits par la drague pr\u00e9senteront une valeur de D50 bien sup\u00e9rieure aux mat\u00e9riaux extraits \u00e0 l\u2019aide d\u2019autres techniques, vu qu\u2019une grande partie des fractions fines seront \u00e9limin\u00e9es.[\/vc_column_text][\/vc_column][\/vc_row]<\/p>\n<p><\/p>","protected":false},"excerpt":{"rendered":"<p>[vc_row][vc_column][vc_column_text]Retour \u00e0 la description M\/N Gino Cucco[\/vc_column_text][\/vc_column][\/vc_row][vc_row][vc_column width=\u00a0\u00bb5\/12&Prime;][vc_single_image image=\u00a0\u00bb357&Prime; img_size=\u00a0\u00bbfull\u00a0\u00bb alignment=\u00a0\u00bbcenter\u00a0\u00bb][\/vc_column][vc_column width=\u00a0\u00bb7\/12&Prime;][vc_custom_heading text=\u00a0\u00bbProc\u00e9d\u00e9 de \u00ab\u00a0washing s\u00e9dimentologique\u00ab\u00a0 par \u00ab\u00a0overflow system\u00ab\u00a0\u00a0\u00bb use_theme_fonts=\u00a0\u00bbyes\u00a0\u00bb el_class=\u00a0\u00bbtitle\u00a0\u00bb][vc_column_text] Les mat\u00e9riaux extraits par la drague automotrice Gino Cucco sont aspir\u00e9s sous forme de m\u00e9lange d\u2019eau et de sable; &hellip;<\/p>\n","protected":false},"author":1,"featured_media":0,"parent":0,"menu_order":0,"comment_status":"open","ping_status":"open","template":"","meta":{"footnotes":""},"class_list":["post-349","page","type-page","status-publish","hentry"],"_links":{"self":[{"href":"https:\/\/www.ladragaggi.it\/fr\/wp-json\/wp\/v2\/pages\/349","targetHints":{"allow":["GET"]}}],"collection":[{"href":"https:\/\/www.ladragaggi.it\/fr\/wp-json\/wp\/v2\/pages"}],"about":[{"href":"https:\/\/www.ladragaggi.it\/fr\/wp-json\/wp\/v2\/types\/page"}],"author":[{"embeddable":true,"href":"https:\/\/www.ladragaggi.it\/fr\/wp-json\/wp\/v2\/users\/1"}],"replies":[{"embeddable":true,"href":"https:\/\/www.ladragaggi.it\/fr\/wp-json\/wp\/v2\/comments?post=349"}],"version-history":[{"count":33,"href":"https:\/\/www.ladragaggi.it\/fr\/wp-json\/wp\/v2\/pages\/349\/revisions"}],"predecessor-version":[{"id":4291,"href":"https:\/\/www.ladragaggi.it\/fr\/wp-json\/wp\/v2\/pages\/349\/revisions\/4291"}],"wp:attachment":[{"href":"https:\/\/www.ladragaggi.it\/fr\/wp-json\/wp\/v2\/media?parent=349"}],"curies":[{"name":"wp","href":"https:\/\/api.w.org\/{rel}","templated":true}]}}