{"id":2777,"date":"2016-07-04T12:12:54","date_gmt":"2016-07-04T10:12:54","guid":{"rendered":"https:\/\/www.ladragaggi.it\/?page_id=2777"},"modified":"2021-11-23T18:45:56","modified_gmt":"2021-11-23T16:45:56","slug":"barena-burano-lotto-b-ripristino-geomorfologico-ambienti-lagunari","status":"publish","type":"page","link":"https:\/\/www.ladragaggi.it\/fr\/barena-burano-lotto-b-ripristino-geomorfologico-ambienti-lagunari\/","title":{"rendered":"(Italiano) Barena Burano &#8211; lotto B &#8211; RIPRISTINO GEOMORFOLOGICO AMBIENTI LAGUNARI"},"content":{"rendered":"<p>[vc_row][vc_column][vc_column_text]<a title=\"Ripristino geomorfologico ambienti lagunari\" href=\"..\/portfolio\/ripristino-geomorfologico-habitat-naturali\/\">Torna alla pagina Ripristino geomorfologico ambienti lagunari<\/a><\/p>\n<p style=\"text-align: center;\"><strong>Restauration g\u00e9omorphologique du marais salant de la localit\u00e9 de BURANO \u00e0 Venise &#8211; LOT B<\/strong><\/p>\n<p style=\"text-align: left;\"><em>Effectu\u00e9 par la compagnie La Dragaggi srl avec le<a title=\"M\/N Draga \u201cGINO CUCCO\u201d\" href=\"https:\/\/www.ladragaggi.it\/it\/portfolio\/m-n-draga-gino-cucco\/\"> Drague Automotrice Gino Cucco<\/a><\/em><\/p>\n<p style=\"text-align: left;\">Octobre 2002<\/p>\n<p>[\/vc_column_text][vc_images_carousel images=\u00a0\u00bb2782,2783,2784,2785,2786,2787,2788,2789,2790,2791&Prime; img_size=\u00a0\u00bblarge\u00a0\u00bb][\/vc_column][\/vc_row]<\/p>","protected":false},"excerpt":{"rendered":"<p>[vc_row][vc_column][vc_column_text]Torna alla pagina Ripristino geomorfologico ambienti lagunari Restauration g\u00e9omorphologique du marais salant de la localit\u00e9 de BURANO \u00e0 Venise &#8211; LOT B Effectu\u00e9 par la compagnie La Dragaggi srl avec le Drague Automotrice Gino Cucco Octobre 2002 [\/vc_column_text][vc_images_carousel images=\u00a0\u00bb2782,2783,2784,2785,2786,2787,2788,2789,2790,2791&Prime; img_size=\u00a0\u00bblarge\u00a0\u00bb][\/vc_column][\/vc_row]<\/p>\n","protected":false},"author":2,"featured_media":0,"parent":0,"menu_order":0,"comment_status":"open","ping_status":"open","template":"","meta":{"footnotes":""},"class_list":["post-2777","page","type-page","status-publish","hentry"],"_links":{"self":[{"href":"https:\/\/www.ladragaggi.it\/fr\/wp-json\/wp\/v2\/pages\/2777","targetHints":{"allow":["GET"]}}],"collection":[{"href":"https:\/\/www.ladragaggi.it\/fr\/wp-json\/wp\/v2\/pages"}],"about":[{"href":"https:\/\/www.ladragaggi.it\/fr\/wp-json\/wp\/v2\/types\/page"}],"author":[{"embeddable":true,"href":"https:\/\/www.ladragaggi.it\/fr\/wp-json\/wp\/v2\/users\/2"}],"replies":[{"embeddable":true,"href":"https:\/\/www.ladragaggi.it\/fr\/wp-json\/wp\/v2\/comments?post=2777"}],"version-history":[{"count":4,"href":"https:\/\/www.ladragaggi.it\/fr\/wp-json\/wp\/v2\/pages\/2777\/revisions"}],"predecessor-version":[{"id":4492,"href":"https:\/\/www.ladragaggi.it\/fr\/wp-json\/wp\/v2\/pages\/2777\/revisions\/4492"}],"wp:attachment":[{"href":"https:\/\/www.ladragaggi.it\/fr\/wp-json\/wp\/v2\/media?parent=2777"}],"curies":[{"name":"wp","href":"https:\/\/api.w.org\/{rel}","templated":true}]}}