{"id":2686,"date":"2016-07-04T09:33:35","date_gmt":"2016-07-04T07:33:35","guid":{"rendered":"https:\/\/www.ladragaggi.it\/?page_id=2686"},"modified":"2025-10-30T15:22:33","modified_gmt":"2025-10-30T13:22:33","slug":"canale-ventena-2008-lavorazioni-speciali","status":"publish","type":"page","link":"https:\/\/www.ladragaggi.it\/fr\/canale-ventena-2008-lavorazioni-speciali\/","title":{"rendered":"CANALE VENTENA &#8211; TRAVAUX SP\u00c9CIAUX"},"content":{"rendered":"<p>[vc_row][vc_column][vc_column_text]<a title=\"LAvorazioni Speciali\" href=\"..\/portfolio\/lavorazioni-speciali\/\">Torna alla pagina Lavorazioni Speciali<\/a><\/p>\n<p style=\"text-align: center;\"><strong>Op\u00e9ration de dragage avec mototopes et barge en amont du pont de CANALE VENTENA<\/strong><\/p>\n<p><em>R\u00e9alis\u00e9 par la soci\u00e9t\u00e9 La Dragaggi srl au moyen de barges sp\u00e9ciales \u00e9quip\u00e9es de pelle hydraulique, mototopes \u00e0 faible tirant d&rsquo;eau et avec le Ponton automoteur Dragonda<\/em><\/p>\n<p>2008[\/vc_column_text][vc_images_carousel images=\u00a0\u00bb2690,2691,2692,2693,2694,2695,2696,2697,2698&Prime; img_size=\u00a0\u00bblarge\u00a0\u00bb][\/vc_column][\/vc_row]<\/p>","protected":false},"excerpt":{"rendered":"<p>[vc_row][vc_column][vc_column_text]Torna alla pagina Lavorazioni Speciali Op\u00e9ration de dragage avec mototopes et barge en amont du pont de CANALE VENTENA R\u00e9alis\u00e9 par la soci\u00e9t\u00e9 La Dragaggi srl au moyen de barges sp\u00e9ciales \u00e9quip\u00e9es de pelle hydraulique, mototopes \u00e0 faible tirant d&rsquo;eau &hellip;<\/p>\n","protected":false},"author":2,"featured_media":0,"parent":0,"menu_order":0,"comment_status":"open","ping_status":"open","template":"","meta":{"footnotes":""},"class_list":["post-2686","page","type-page","status-publish","hentry"],"_links":{"self":[{"href":"https:\/\/www.ladragaggi.it\/fr\/wp-json\/wp\/v2\/pages\/2686","targetHints":{"allow":["GET"]}}],"collection":[{"href":"https:\/\/www.ladragaggi.it\/fr\/wp-json\/wp\/v2\/pages"}],"about":[{"href":"https:\/\/www.ladragaggi.it\/fr\/wp-json\/wp\/v2\/types\/page"}],"author":[{"embeddable":true,"href":"https:\/\/www.ladragaggi.it\/fr\/wp-json\/wp\/v2\/users\/2"}],"replies":[{"embeddable":true,"href":"https:\/\/www.ladragaggi.it\/fr\/wp-json\/wp\/v2\/comments?post=2686"}],"version-history":[{"count":6,"href":"https:\/\/www.ladragaggi.it\/fr\/wp-json\/wp\/v2\/pages\/2686\/revisions"}],"predecessor-version":[{"id":6356,"href":"https:\/\/www.ladragaggi.it\/fr\/wp-json\/wp\/v2\/pages\/2686\/revisions\/6356"}],"wp:attachment":[{"href":"https:\/\/www.ladragaggi.it\/fr\/wp-json\/wp\/v2\/media?parent=2686"}],"curies":[{"name":"wp","href":"https:\/\/api.w.org\/{rel}","templated":true}]}}