{"id":2603,"date":"2016-07-04T09:04:03","date_gmt":"2016-07-04T07:04:03","guid":{"rendered":"https:\/\/www.ladragaggi.it\/?page_id=2603"},"modified":"2021-11-29T11:37:06","modified_gmt":"2021-11-29T09:37:06","slug":"barena-santantonio-2006-opere-di-ingegneria-naturalistica-2","status":"publish","type":"page","link":"https:\/\/www.ladragaggi.it\/fr\/barena-santantonio-2006-opere-di-ingegneria-naturalistica-2\/","title":{"rendered":"JESOLO &#8211; TRAVAUX DE G\u00c9NIE NATUREL"},"content":{"rendered":"<p>[vc_row][vc_column][vc_column_text]<a title=\"Opere di Ingegneria Naturalistica\" href=\"..\/portfolio\/opere-di-ingegneria-naturalistica\/\">Torna alla pagina Opere di Ingegneria Naturalistica<\/a><\/p>\n<p style=\"text-align: center;\"><strong>R\u00e9am\u00e9nagement du milieu dunaire \u00e0 JESOLO, avec reconstruction de la dune telle qu&rsquo;elle se pr\u00e9sentait \u00e0 l&rsquo;origine et renforcement du pied par reflux de mati\u00e8re sableuse<\/strong><\/p>\n<p style=\"text-align: left;\"><em>Effectu\u00e9 par la compagnie La Dragaggi srl avec le<a title=\"M\/N Draga \u201cGINO CUCCO\u201d\" href=\"https:\/\/www.ladragaggi.it\/it\/portfolio\/m-n-draga-gino-cucco\/\"> Drague Automotrice Gino Cucco<\/a> et pelles hydrauliques<\/em><\/p>\n<p>\u00c9t\u00e9 2014<\/p>\n<p>[\/vc_column_text][vc_images_carousel images=\u00a0\u00bb2605,2606,2607,2608,2609,2610,2613,2614,2615,2616,2617,2618,2619,2620,2621,2622,2623,2624,2625,2626,2627,2629,2630,2631&Prime; img_size=\u00a0\u00bblarge\u00a0\u00bb][\/vc_column][\/vc_row]<\/p>","protected":false},"excerpt":{"rendered":"<p>[vc_row][vc_column][vc_column_text]Torna alla pagina Opere di Ingegneria Naturalistica R\u00e9am\u00e9nagement du milieu dunaire \u00e0 JESOLO, avec reconstruction de la dune telle qu&rsquo;elle se pr\u00e9sentait \u00e0 l&rsquo;origine et renforcement du pied par reflux de mati\u00e8re sableuse Effectu\u00e9 par la compagnie La Dragaggi srl &hellip;<\/p>\n","protected":false},"author":2,"featured_media":0,"parent":0,"menu_order":0,"comment_status":"open","ping_status":"open","template":"","meta":{"footnotes":""},"class_list":["post-2603","page","type-page","status-publish","hentry"],"_links":{"self":[{"href":"https:\/\/www.ladragaggi.it\/fr\/wp-json\/wp\/v2\/pages\/2603","targetHints":{"allow":["GET"]}}],"collection":[{"href":"https:\/\/www.ladragaggi.it\/fr\/wp-json\/wp\/v2\/pages"}],"about":[{"href":"https:\/\/www.ladragaggi.it\/fr\/wp-json\/wp\/v2\/types\/page"}],"author":[{"embeddable":true,"href":"https:\/\/www.ladragaggi.it\/fr\/wp-json\/wp\/v2\/users\/2"}],"replies":[{"embeddable":true,"href":"https:\/\/www.ladragaggi.it\/fr\/wp-json\/wp\/v2\/comments?post=2603"}],"version-history":[{"count":4,"href":"https:\/\/www.ladragaggi.it\/fr\/wp-json\/wp\/v2\/pages\/2603\/revisions"}],"predecessor-version":[{"id":4582,"href":"https:\/\/www.ladragaggi.it\/fr\/wp-json\/wp\/v2\/pages\/2603\/revisions\/4582"}],"wp:attachment":[{"href":"https:\/\/www.ladragaggi.it\/fr\/wp-json\/wp\/v2\/media?parent=2603"}],"curies":[{"name":"wp","href":"https:\/\/api.w.org\/{rel}","templated":true}]}}