{"id":2581,"date":"2016-07-04T08:57:14","date_gmt":"2016-07-04T06:57:14","guid":{"rendered":"https:\/\/www.ladragaggi.it\/?page_id=2581"},"modified":"2021-11-29T11:10:02","modified_gmt":"2021-11-29T09:10:02","slug":"barena-santantonio-2006-opere-di-ingegneria-naturalistica","status":"publish","type":"page","link":"https:\/\/www.ladragaggi.it\/fr\/barena-santantonio-2006-opere-di-ingegneria-naturalistica\/","title":{"rendered":"BARENA SANT&rsquo;ANTONIO &#8211; TRAVAUX DE G\u00c9NIE NATUREL"},"content":{"rendered":"<p>[vc_row][vc_column][vc_column_text]<a title=\"Opere di Ingegneria Naturalistica\" href=\"..\/portfolio\/opere-di-ingegneria-naturalistica\/\">Torna alla pagina Opere di Ingegneria Naturalistica<\/a><\/p>\n<p style=\"text-align: center;\"><strong>Installation de g\u00e9omatelas dans la BARENA SANT&rsquo;ANTONIO \u00e0 Venise<\/strong><\/p>\n<p><em>Effectu\u00e9 par la compagnie La Dragaggi srl<\/em><\/p>\n<p>2006[\/vc_column_text][vc_images_carousel images=\u00a0\u00bb2583,2584,2585,2586,2587,2588,2589,2590,2591,2592,2593,2594,2595,2596,2597,2598,2599&Prime; img_size=\u00a0\u00bblarge\u00a0\u00bb][\/vc_column][\/vc_row]<\/p>","protected":false},"excerpt":{"rendered":"<p>[vc_row][vc_column][vc_column_text]Torna alla pagina Opere di Ingegneria Naturalistica Installation de g\u00e9omatelas dans la BARENA SANT&rsquo;ANTONIO \u00e0 Venise Effectu\u00e9 par la compagnie La Dragaggi srl 2006[\/vc_column_text][vc_images_carousel images=\u00a0\u00bb2583,2584,2585,2586,2587,2588,2589,2590,2591,2592,2593,2594,2595,2596,2597,2598,2599&Prime; img_size=\u00a0\u00bblarge\u00a0\u00bb][\/vc_column][\/vc_row]<\/p>\n","protected":false},"author":2,"featured_media":0,"parent":0,"menu_order":0,"comment_status":"open","ping_status":"open","template":"","meta":{"footnotes":""},"class_list":["post-2581","page","type-page","status-publish","hentry"],"_links":{"self":[{"href":"https:\/\/www.ladragaggi.it\/fr\/wp-json\/wp\/v2\/pages\/2581","targetHints":{"allow":["GET"]}}],"collection":[{"href":"https:\/\/www.ladragaggi.it\/fr\/wp-json\/wp\/v2\/pages"}],"about":[{"href":"https:\/\/www.ladragaggi.it\/fr\/wp-json\/wp\/v2\/types\/page"}],"author":[{"embeddable":true,"href":"https:\/\/www.ladragaggi.it\/fr\/wp-json\/wp\/v2\/users\/2"}],"replies":[{"embeddable":true,"href":"https:\/\/www.ladragaggi.it\/fr\/wp-json\/wp\/v2\/comments?post=2581"}],"version-history":[{"count":5,"href":"https:\/\/www.ladragaggi.it\/fr\/wp-json\/wp\/v2\/pages\/2581\/revisions"}],"predecessor-version":[{"id":4579,"href":"https:\/\/www.ladragaggi.it\/fr\/wp-json\/wp\/v2\/pages\/2581\/revisions\/4579"}],"wp:attachment":[{"href":"https:\/\/www.ladragaggi.it\/fr\/wp-json\/wp\/v2\/media?parent=2581"}],"curies":[{"name":"wp","href":"https:\/\/api.w.org\/{rel}","templated":true}]}}