{"id":1869,"date":"2016-04-23T22:38:05","date_gmt":"2016-04-23T20:38:05","guid":{"rendered":"https:\/\/www.ladragaggi.it\/?page_id=1869"},"modified":"2025-10-30T13:05:43","modified_gmt":"2025-10-30T11:05:43","slug":"barena-sant-antonio-ripristino-geomorfologico-ambienti-lagunari","status":"publish","type":"page","link":"https:\/\/www.ladragaggi.it\/fr\/barena-sant-antonio-ripristino-geomorfologico-ambienti-lagunari\/","title":{"rendered":"BARENA SANT&rsquo;ANTONIO &#8211; REMISE EN \u00c9TAT G\u00c9OMORPHOLOGIQUE DES ZONES LAGUNAIRES"},"content":{"rendered":"<p>[vc_row][vc_column][vc_column_text]<a title=\"Ripristino geomorfologico ambienti lagunari\" href=\"..\/portfolio\/ripristino-geomorfologico-habitat-naturali\/\">Torna alla pagina Ripristino geomorfologico ambienti lagunari<\/a><\/p>\n<p style=\"text-align: center;\"><strong>Restauration g\u00e9omorphologique du marais salant SANT&rsquo;ANTONIO \u00e0 Venise<\/strong><\/p>\n<p style=\"text-align: left;\"><em>Effectu\u00e9 par la compagnie La Dragaggi srl avec le <a title=\"M\/N Draga \u201cGINO CUCCO\u201d\" href=\"https:\/\/www.ladragaggi.it\/it\/portfolio\/m-n-draga-gino-cucco\/\">Drague Automotrice Gino Cucco<\/a> et avec le <a href=\"https:\/\/www.ladragaggi.it\/fr\/portfolio\/pontone-componibile-la-dragaggi-ex43\/\">Ponton modulaire La Dragaggi EX43<\/a><\/em><\/p>\n<p style=\"text-align: left;\">Hiver 2003<\/p>\n<p>[\/vc_column_text][vc_images_carousel images=\u00a0\u00bb2359,2360,2361,2362,2363,2364,2365,2366,2367,2369,2370,2371,2372,2373&Prime; img_size=\u00a0\u00bblarge\u00a0\u00bb][\/vc_column][\/vc_row]<\/p>","protected":false},"excerpt":{"rendered":"<p>[vc_row][vc_column][vc_column_text]Torna alla pagina Ripristino geomorfologico ambienti lagunari Restauration g\u00e9omorphologique du marais salant SANT&rsquo;ANTONIO \u00e0 Venise Effectu\u00e9 par la compagnie La Dragaggi srl avec le Drague Automotrice Gino Cucco et avec le Ponton modulaire La Dragaggi EX43 Hiver 2003 [\/vc_column_text][vc_images_carousel images=\u00a0\u00bb2359,2360,2361,2362,2363,2364,2365,2366,2367,2369,2370,2371,2372,2373&Prime; &hellip;<\/p>\n","protected":false},"author":2,"featured_media":0,"parent":0,"menu_order":0,"comment_status":"open","ping_status":"open","template":"","meta":{"footnotes":""},"class_list":["post-1869","page","type-page","status-publish","hentry"],"_links":{"self":[{"href":"https:\/\/www.ladragaggi.it\/fr\/wp-json\/wp\/v2\/pages\/1869","targetHints":{"allow":["GET"]}}],"collection":[{"href":"https:\/\/www.ladragaggi.it\/fr\/wp-json\/wp\/v2\/pages"}],"about":[{"href":"https:\/\/www.ladragaggi.it\/fr\/wp-json\/wp\/v2\/types\/page"}],"author":[{"embeddable":true,"href":"https:\/\/www.ladragaggi.it\/fr\/wp-json\/wp\/v2\/users\/2"}],"replies":[{"embeddable":true,"href":"https:\/\/www.ladragaggi.it\/fr\/wp-json\/wp\/v2\/comments?post=1869"}],"version-history":[{"count":8,"href":"https:\/\/www.ladragaggi.it\/fr\/wp-json\/wp\/v2\/pages\/1869\/revisions"}],"predecessor-version":[{"id":6325,"href":"https:\/\/www.ladragaggi.it\/fr\/wp-json\/wp\/v2\/pages\/1869\/revisions\/6325"}],"wp:attachment":[{"href":"https:\/\/www.ladragaggi.it\/fr\/wp-json\/wp\/v2\/media?parent=1869"}],"curies":[{"name":"wp","href":"https:\/\/api.w.org\/{rel}","templated":true}]}}