{"id":1862,"date":"2016-04-22T16:38:57","date_gmt":"2016-04-22T14:38:57","guid":{"rendered":"https:\/\/www.ladragaggi.it\/?page_id=1862"},"modified":"2025-10-30T13:12:31","modified_gmt":"2025-10-30T11:12:31","slug":"barena-gaggian-nord-ripristino-geomorfologico-ambienti-lagunari","status":"publish","type":"page","link":"https:\/\/www.ladragaggi.it\/fr\/barena-gaggian-nord-ripristino-geomorfologico-ambienti-lagunari\/","title":{"rendered":"BARENA GAGGIAN NORD &#8211; REMISE EN \u00c9TAT G\u00c9OMORPHOLOGIQUE DES ZONES LAGUNAIRES"},"content":{"rendered":"<p>[vc_row][vc_column][vc_column_text]<a title=\"Ripristino geomorfologico ambienti lagunari\" href=\"..\/portfolio\/ripristino-geomorfologico-habitat-naturali\/\">Torna alla pagina Ripristino geomorfologico ambienti lagunari<\/a><\/p>\n<p style=\"text-align: center;\"><strong>Restauration g\u00e9omorphologique du marais salant GAGGIAN \u00e0 Venise &#8211; PARTIE NORD<\/strong><\/p>\n<p style=\"text-align: left;\"><em>Effectu\u00e9 par la compagnie La Dragaggi srl avec le <a title=\"M\/N Draga \u201cGINO CUCCO\u201d\" href=\"https:\/\/www.ladragaggi.it\/it\/portfolio\/m-n-draga-gino-cucco\/\">Drague Automotrice Gino Cucco<\/a> et avec le <a href=\"https:\/\/www.ladragaggi.it\/fr\/portfolio\/pontone-componibile-la-dragaggi-ex43\/\">Ponton modulaire La Dragaggi EX43<\/a><\/em><\/p>\n<p style=\"text-align: left;\">Hiver 2009<\/p>\n<p>[\/vc_column_text][vc_images_carousel images=\u00a0\u00bb1882,1883,1884,1885,1886,1887,1888,1889,1890,1891,1892,1893&Prime; img_size=\u00a0\u00bblarge\u00a0\u00bb][\/vc_column][\/vc_row]<\/p>","protected":false},"excerpt":{"rendered":"<p>[vc_row][vc_column][vc_column_text]Torna alla pagina Ripristino geomorfologico ambienti lagunari Restauration g\u00e9omorphologique du marais salant GAGGIAN \u00e0 Venise &#8211; PARTIE NORD Effectu\u00e9 par la compagnie La Dragaggi srl avec le Drague Automotrice Gino Cucco et avec le Ponton modulaire La Dragaggi EX43 Hiver &hellip;<\/p>\n","protected":false},"author":2,"featured_media":0,"parent":0,"menu_order":0,"comment_status":"open","ping_status":"open","template":"","meta":{"footnotes":""},"class_list":["post-1862","page","type-page","status-publish","hentry"],"_links":{"self":[{"href":"https:\/\/www.ladragaggi.it\/fr\/wp-json\/wp\/v2\/pages\/1862","targetHints":{"allow":["GET"]}}],"collection":[{"href":"https:\/\/www.ladragaggi.it\/fr\/wp-json\/wp\/v2\/pages"}],"about":[{"href":"https:\/\/www.ladragaggi.it\/fr\/wp-json\/wp\/v2\/types\/page"}],"author":[{"embeddable":true,"href":"https:\/\/www.ladragaggi.it\/fr\/wp-json\/wp\/v2\/users\/2"}],"replies":[{"embeddable":true,"href":"https:\/\/www.ladragaggi.it\/fr\/wp-json\/wp\/v2\/comments?post=1862"}],"version-history":[{"count":7,"href":"https:\/\/www.ladragaggi.it\/fr\/wp-json\/wp\/v2\/pages\/1862\/revisions"}],"predecessor-version":[{"id":6327,"href":"https:\/\/www.ladragaggi.it\/fr\/wp-json\/wp\/v2\/pages\/1862\/revisions\/6327"}],"wp:attachment":[{"href":"https:\/\/www.ladragaggi.it\/fr\/wp-json\/wp\/v2\/media?parent=1862"}],"curies":[{"name":"wp","href":"https:\/\/api.w.org\/{rel}","templated":true}]}}