{"id":1459,"date":"2014-09-13T13:04:05","date_gmt":"2014-09-13T11:04:05","guid":{"rendered":"https:\/\/www.ladragaggi.it\/?page_id=1459"},"modified":"2025-10-30T12:51:32","modified_gmt":"2025-10-30T10:51:32","slug":"barena-arsenale-ripristino-geomorfologico-ambienti-lagunari","status":"publish","type":"page","link":"https:\/\/www.ladragaggi.it\/fr\/barena-arsenale-ripristino-geomorfologico-ambienti-lagunari\/","title":{"rendered":"BARENA ARSENALE &#8211; REMISE EN \u00c9TAT G\u00c9OMORPHOLOGIQUE DES ZONES LAGUNAIRES"},"content":{"rendered":"<p>[vc_row][vc_column][vc_column_text]<a title=\"Ripristino geomorfologico ambienti lagunari\" href=\"..\/portfolio\/ripristino-geomorfologico-habitat-naturali\/\">Torna alla pagina Ripristino geomorfologico ambienti lagunari<\/a><\/p>\n<p style=\"text-align: center;\"><strong>Restauration g\u00e9omorphologique du marais salant de la localit\u00e9 d&rsquo;ARSENALE \u00e0 Venise<\/strong><\/p>\n<p style=\"text-align: left;\"><em>Effectu\u00e9 par la compagnie La Dragaggi srl avec le <a title=\"M\/N Draga \u201cGINO CUCCO\u201d\" href=\"https:\/\/www.ladragaggi.it\/it\/portfolio\/m-n-draga-gino-cucco\/\">Drague Automotrice Gino Cucco<\/a> et avec le <a href=\"https:\/\/www.ladragaggi.it\/fr\/portfolio\/pontone-componibile-la-dragaggi-ex43\/\">Ponton modulaire La Dragaggi EX43<\/a><\/em><\/p>\n<p style=\"text-align: left;\">Mai 2010<\/p>\n<p>[\/vc_column_text][vc_images_carousel images=\u00a0\u00bb1461,1462,1464,1465,1467,1468,1469,1470,1472,1475,1476,1477,1478,1479,1480,1481,1482,1483,1484,1485&Prime; img_size=\u00a0\u00bblarge\u00a0\u00bb][\/vc_column][\/vc_row]<\/p>","protected":false},"excerpt":{"rendered":"<p>[vc_row][vc_column][vc_column_text]Torna alla pagina Ripristino geomorfologico ambienti lagunari Restauration g\u00e9omorphologique du marais salant de la localit\u00e9 d&rsquo;ARSENALE \u00e0 Venise Effectu\u00e9 par la compagnie La Dragaggi srl avec le Drague Automotrice Gino Cucco et avec le Ponton modulaire La Dragaggi EX43 Mai &hellip;<\/p>\n","protected":false},"author":1,"featured_media":0,"parent":0,"menu_order":0,"comment_status":"open","ping_status":"open","template":"","meta":{"footnotes":""},"class_list":["post-1459","page","type-page","status-publish","hentry"],"_links":{"self":[{"href":"https:\/\/www.ladragaggi.it\/fr\/wp-json\/wp\/v2\/pages\/1459","targetHints":{"allow":["GET"]}}],"collection":[{"href":"https:\/\/www.ladragaggi.it\/fr\/wp-json\/wp\/v2\/pages"}],"about":[{"href":"https:\/\/www.ladragaggi.it\/fr\/wp-json\/wp\/v2\/types\/page"}],"author":[{"embeddable":true,"href":"https:\/\/www.ladragaggi.it\/fr\/wp-json\/wp\/v2\/users\/1"}],"replies":[{"embeddable":true,"href":"https:\/\/www.ladragaggi.it\/fr\/wp-json\/wp\/v2\/comments?post=1459"}],"version-history":[{"count":14,"href":"https:\/\/www.ladragaggi.it\/fr\/wp-json\/wp\/v2\/pages\/1459\/revisions"}],"predecessor-version":[{"id":6322,"href":"https:\/\/www.ladragaggi.it\/fr\/wp-json\/wp\/v2\/pages\/1459\/revisions\/6322"}],"wp:attachment":[{"href":"https:\/\/www.ladragaggi.it\/fr\/wp-json\/wp\/v2\/media?parent=1459"}],"curies":[{"name":"wp","href":"https:\/\/api.w.org\/{rel}","templated":true}]}}