{"id":1445,"date":"2014-09-13T12:53:36","date_gmt":"2014-09-13T10:53:36","guid":{"rendered":"https:\/\/www.ladragaggi.it\/?page_id=1445"},"modified":"2025-10-30T12:55:40","modified_gmt":"2025-10-30T10:55:40","slug":"barena-marani-ripristino-geomorfologico-ambienti-lagunari","status":"publish","type":"page","link":"https:\/\/www.ladragaggi.it\/fr\/barena-marani-ripristino-geomorfologico-ambienti-lagunari\/","title":{"rendered":"BARENA MARANI &#8211; REMISE EN \u00c9TAT G\u00c9OMORPHOLOGIQUE DES ZONES LAGUNAIRES"},"content":{"rendered":"<p>[vc_row][vc_column][vc_column_text]<a title=\"Ripristino geomorfologico ambienti lagunari\" href=\"..\/portfolio\/ripristino-geomorfologico-habitat-naturali\/\">Torna alla pagina Ripristino geomorfologico ambienti lagunari<\/a><\/p>\n<p style=\"text-align: center;\"><strong>Restauration g\u00e9omorphologique du marais salant MARANI \u00e0 Venise<\/strong><\/p>\n<p style=\"text-align: left;\"><em>Effectu\u00e9 par la compagnie La Dragaggi srl avec le <a title=\"M\/N Draga \u201cGINO CUCCO\u201d\" href=\"https:\/\/www.ladragaggi.it\/it\/portfolio\/m-n-draga-gino-cucco\/\"> Drague Automotrice Gino Cucco<\/a>,\u00a0le <a href=\"https:\/\/www.ladragaggi.it\/fr\/portfolio\/giuseppe-cucco\/\">Barge automotrice Giuseppe Cucco<\/a>\u00a0et avec le <a href=\"https:\/\/www.ladragaggi.it\/fr\/portfolio\/pontone-componibile-la-dragaggi-ex43\/\">Ponton modulaire La Dragaggi EX43<\/a><\/em><\/p>\n<p>2010[\/vc_column_text][vc_images_carousel images=\u00a0\u00bb1425,1426,1427,1428,1429,1430,1431,1432,1433,1434,1435,1436,1437,1438,1439,1440,1441,1442,1443,1444,1446,1447,1448,1449,1450,1451,1452,1453,1454,1455&Prime; img_size=\u00a0\u00bblarge\u00a0\u00bb][\/vc_column][\/vc_row]<\/p>","protected":false},"excerpt":{"rendered":"<p>[vc_row][vc_column][vc_column_text]Torna alla pagina Ripristino geomorfologico ambienti lagunari Restauration g\u00e9omorphologique du marais salant MARANI \u00e0 Venise Effectu\u00e9 par la compagnie La Dragaggi srl avec le Drague Automotrice Gino Cucco,\u00a0le Barge automotrice Giuseppe Cucco\u00a0et avec le Ponton modulaire La Dragaggi EX43 2010[\/vc_column_text][vc_images_carousel &hellip;<\/p>\n","protected":false},"author":1,"featured_media":0,"parent":0,"menu_order":0,"comment_status":"open","ping_status":"open","template":"","meta":{"footnotes":""},"class_list":["post-1445","page","type-page","status-publish","hentry"],"_links":{"self":[{"href":"https:\/\/www.ladragaggi.it\/fr\/wp-json\/wp\/v2\/pages\/1445","targetHints":{"allow":["GET"]}}],"collection":[{"href":"https:\/\/www.ladragaggi.it\/fr\/wp-json\/wp\/v2\/pages"}],"about":[{"href":"https:\/\/www.ladragaggi.it\/fr\/wp-json\/wp\/v2\/types\/page"}],"author":[{"embeddable":true,"href":"https:\/\/www.ladragaggi.it\/fr\/wp-json\/wp\/v2\/users\/1"}],"replies":[{"embeddable":true,"href":"https:\/\/www.ladragaggi.it\/fr\/wp-json\/wp\/v2\/comments?post=1445"}],"version-history":[{"count":5,"href":"https:\/\/www.ladragaggi.it\/fr\/wp-json\/wp\/v2\/pages\/1445\/revisions"}],"predecessor-version":[{"id":6323,"href":"https:\/\/www.ladragaggi.it\/fr\/wp-json\/wp\/v2\/pages\/1445\/revisions\/6323"}],"wp:attachment":[{"href":"https:\/\/www.ladragaggi.it\/fr\/wp-json\/wp\/v2\/media?parent=1445"}],"curies":[{"name":"wp","href":"https:\/\/api.w.org\/{rel}","templated":true}]}}