{"id":1396,"date":"2014-09-13T12:45:21","date_gmt":"2014-09-13T10:45:21","guid":{"rendered":"https:\/\/www.ladragaggi.it\/?page_id=1396"},"modified":"2021-11-24T12:14:46","modified_gmt":"2021-11-24T10:14:46","slug":"barena-crevan-ripristino-geomorfologico-ambienti-lagunari","status":"publish","type":"page","link":"https:\/\/www.ladragaggi.it\/fr\/barena-crevan-ripristino-geomorfologico-ambienti-lagunari\/","title":{"rendered":"BARENA CREVAN &#8211; REMISE EN \u00c9TAT G\u00c9OMORPHOLOGIQUE DES ZONES LAGUNAIRES"},"content":{"rendered":"<p>[vc_row][vc_column][vc_column_text]<a title=\"Ripristino geomorfologico ambienti lagunari\" href=\"..\/portfolio\/ripristino-geomorfologico-habitat-naturali\/\">Torna alla pagina Ripristino geomorfologico ambienti lagunari<\/a><\/p>\n<p style=\"text-align: center;\"><strong>Restauration g\u00e9omorphologique du marais salant CREVAN \u00e0 Venise<\/strong><\/p>\n<p style=\"text-align: left;\"><em>Effectu\u00e9 par la compagnie La Dragaggi srl avec le<a title=\"M\/N Draga \u201cGINO CUCCO\u201d\" href=\"https:\/\/www.ladragaggi.it\/it\/portfolio\/m-n-draga-gino-cucco\/\"> Drague Automotrice Gino Cucco<\/a><\/em><\/p>\n<p style=\"text-align: left;\">Mars 2006<\/p>\n<p>[\/vc_column_text][vc_images_carousel images=\u00a0\u00bb1397,1398,1399,1400,1401,1402,1403,1404,1405,1406,1407,1408,1409,1410,1411,1412,1413,1414,1415,1416,1417,1418,1419,1420,1421,1422&Prime; img_size=\u00a0\u00bblarge\u00a0\u00bb][\/vc_column][\/vc_row]<\/p>","protected":false},"excerpt":{"rendered":"<p>[vc_row][vc_column][vc_column_text]Torna alla pagina Ripristino geomorfologico ambienti lagunari Restauration g\u00e9omorphologique du marais salant CREVAN \u00e0 Venise Effectu\u00e9 par la compagnie La Dragaggi srl avec le Drague Automotrice Gino Cucco Mars 2006 [\/vc_column_text][vc_images_carousel images=\u00a0\u00bb1397,1398,1399,1400,1401,1402,1403,1404,1405,1406,1407,1408,1409,1410,1411,1412,1413,1414,1415,1416,1417,1418,1419,1420,1421,1422&Prime; img_size=\u00a0\u00bblarge\u00a0\u00bb][\/vc_column][\/vc_row]<\/p>\n","protected":false},"author":1,"featured_media":0,"parent":0,"menu_order":0,"comment_status":"open","ping_status":"open","template":"","meta":{"footnotes":""},"class_list":["post-1396","page","type-page","status-publish","hentry"],"_links":{"self":[{"href":"https:\/\/www.ladragaggi.it\/fr\/wp-json\/wp\/v2\/pages\/1396","targetHints":{"allow":["GET"]}}],"collection":[{"href":"https:\/\/www.ladragaggi.it\/fr\/wp-json\/wp\/v2\/pages"}],"about":[{"href":"https:\/\/www.ladragaggi.it\/fr\/wp-json\/wp\/v2\/types\/page"}],"author":[{"embeddable":true,"href":"https:\/\/www.ladragaggi.it\/fr\/wp-json\/wp\/v2\/users\/1"}],"replies":[{"embeddable":true,"href":"https:\/\/www.ladragaggi.it\/fr\/wp-json\/wp\/v2\/comments?post=1396"}],"version-history":[{"count":4,"href":"https:\/\/www.ladragaggi.it\/fr\/wp-json\/wp\/v2\/pages\/1396\/revisions"}],"predecessor-version":[{"id":4507,"href":"https:\/\/www.ladragaggi.it\/fr\/wp-json\/wp\/v2\/pages\/1396\/revisions\/4507"}],"wp:attachment":[{"href":"https:\/\/www.ladragaggi.it\/fr\/wp-json\/wp\/v2\/media?parent=1396"}],"curies":[{"name":"wp","href":"https:\/\/api.w.org\/{rel}","templated":true}]}}