{"id":1316,"date":"2014-09-05T12:02:20","date_gmt":"2014-09-05T10:02:20","guid":{"rendered":"https:\/\/www.ladragaggi.it\/?page_id=1316"},"modified":"2025-10-24T15:12:34","modified_gmt":"2025-10-24T13:12:34","slug":"lido-di-spina-ripascimenti-litoranei","status":"publish","type":"page","link":"https:\/\/www.ladragaggi.it\/fr\/lido-di-spina-ripascimenti-litoranei\/","title":{"rendered":"LIDO DI SPINA &#8211; ENGRAISSEMENT DU LITORAL"},"content":{"rendered":"<p>[vc_row][vc_column][vc_column_text]<a title=\"Ripascimenti Litoranei\" href=\"..\/portfolio\/ripascimenti\/\">Torna alla pagina Ripascimenti Litoranei<\/a><\/p>\n<p style=\"text-align: center;\"><strong>Dragage du Port-canal de Porto Garibaldi et engraissement de la c\u00f4te du LIDO DI SPINA gr\u00e2ce au transport de sable par camion<\/strong><\/p>\n<p><em>Effectu\u00e9 par la compagnie La Dragaggi srl avec le <a title=\"M\/N Draga \u201cGINO CUCCO\u201d\" href=\"https:\/\/www.ladragaggi.it\/portfolio\/gino-cucco\/\">Drague Automotrice Gino Cucco<\/a> et avec le Ponton Automoteur Dragonda, pour le compte de la Municipalit\u00e9 de Comacchio<\/em><\/p>\n<p>1996-1997[\/vc_column_text][vc_images_carousel images=\u00a0\u00bb1317,1318,1319,1320,1321,1322,1323,1324,1325,1326,1327,1328,1329,1330,1331,1332,1333,1334,1335,1336,1337,1338,1339,1340,1341,1342,1343&Prime; img_size=\u00a0\u00bblarge\u00a0\u00bb][\/vc_column][\/vc_row]<\/p>","protected":false},"excerpt":{"rendered":"<p>[vc_row][vc_column][vc_column_text]Torna alla pagina Ripascimenti Litoranei Dragage du Port-canal de Porto Garibaldi et engraissement de la c\u00f4te du LIDO DI SPINA gr\u00e2ce au transport de sable par camion Effectu\u00e9 par la compagnie La Dragaggi srl avec le Drague Automotrice Gino Cucco &hellip;<\/p>\n","protected":false},"author":1,"featured_media":0,"parent":0,"menu_order":0,"comment_status":"open","ping_status":"open","template":"","meta":{"footnotes":""},"class_list":["post-1316","page","type-page","status-publish","hentry"],"_links":{"self":[{"href":"https:\/\/www.ladragaggi.it\/fr\/wp-json\/wp\/v2\/pages\/1316","targetHints":{"allow":["GET"]}}],"collection":[{"href":"https:\/\/www.ladragaggi.it\/fr\/wp-json\/wp\/v2\/pages"}],"about":[{"href":"https:\/\/www.ladragaggi.it\/fr\/wp-json\/wp\/v2\/types\/page"}],"author":[{"embeddable":true,"href":"https:\/\/www.ladragaggi.it\/fr\/wp-json\/wp\/v2\/users\/1"}],"replies":[{"embeddable":true,"href":"https:\/\/www.ladragaggi.it\/fr\/wp-json\/wp\/v2\/comments?post=1316"}],"version-history":[{"count":5,"href":"https:\/\/www.ladragaggi.it\/fr\/wp-json\/wp\/v2\/pages\/1316\/revisions"}],"predecessor-version":[{"id":6295,"href":"https:\/\/www.ladragaggi.it\/fr\/wp-json\/wp\/v2\/pages\/1316\/revisions\/6295"}],"wp:attachment":[{"href":"https:\/\/www.ladragaggi.it\/fr\/wp-json\/wp\/v2\/media?parent=1316"}],"curies":[{"name":"wp","href":"https:\/\/api.w.org\/{rel}","templated":true}]}}