{"id":86,"date":"2013-02-18T16:08:44","date_gmt":"2013-02-18T16:08:44","guid":{"rendered":"http:\/\/localhost\/wordpress\/?page_id=86"},"modified":"2025-10-24T14:56:43","modified_gmt":"2025-10-24T12:56:43","slug":"azienda","status":"publish","type":"page","link":"https:\/\/www.ladragaggi.it\/es\/azienda\/","title":{"rendered":"Empresa"},"content":{"rendered":"<p>[vc_row][vc_column][vc_custom_heading text=\u00bbEmpresa\u00bb use_theme_fonts=\u00bbyes\u00bb el_class=\u00bbtitle\u00bb][vc_column_text]<\/p>\n<p style=\"text-align: justify;\"><span style=\"font-weight: bold;\"> LA DRAGAGGI s.r.l.<\/span> es una empresa importante de Venecia que opera en el sector mar\u00edtimo y fluvial- lagunar desde inicios del siglo pasado, orientada espec\u00edficamente en trabajos de dragados, nivelado de fondos marinos, rellenos costeros, formaci\u00f3n e instalaci\u00f3n de acantilados, drenajes de canales y puertos, construcciones mar\u00edtimas, vivificaci\u00f3n de las marismas, restauraci\u00f3n de ambientes lagunares, muelles y maricultura. La empresa tiene su sede en Marghera (VE) y opera en todo el territorio nacional y en el extranjero. Para hacer frente a la \u201ccompetencia\u201d extranjera y para tener medios e instrumentos siempre en sinton\u00eda con los tiempos, nuestra sociedad <span style=\"font-weight: bold;\"> LA DRAGAGGI s.r.l.<\/span> ha invertido en instrumentos e investigaci\u00f3n, teniendo la exclusividad italiana de poseer la \u00fanica TSHD (Trailing suction Hopper dredger) draga de arrastre de carga, auto reflujo y autopropulsado que da el material a trav\u00e9s de tubos de hasta 4 kil\u00f3metros de distancia, sin necesidad de estaciones auxiliares intermedias. Para hacer frente a los diferentes tipos de intervenci\u00f3n <span style=\"font-weight: bold;\"> LA DRAGAGGI s.r.l.<\/span> cuenta una flota compuesta por:<\/p>\n<ul style=\"text-align: left;\">\n<li><a href=\"\/es\/portfolio\/gino-cucco\/\">M\/N Draga \u201cGino Cucco\u201d<\/a><\/li>\n<li><a href=\"\/es\/portfolio\/giuseppe-cucco\/\">M\/N Betta \u201cGiuseppe Cucco\u201d<\/a><\/li>\n<li><a href=\"https:\/\/www.ladragaggi.it\/portfolio\/m-n-claudio-cucco\/\">M\/N \u201cClaudio Cucco\u201d<\/a><\/li>\n<li><a href=\"\/es\/portfolio\/pontone-componibile-la-dragaggi-ex43\/\">Pont\u00f3n componible \u201cLa Dragaggi EX43\u201d<\/a><\/li>\n<li><a href=\"https:\/\/www.ladragaggi.it\/es\/portfolio\/mezzi-complementari\/\">Excavadoras de tierra hidr\u00e1ulicas<\/a> como apoyo en las operaciones de relleno costero, vivificaci\u00f3n terrenos lagunares, movimiento de tierras y muelles.<\/li>\n<\/ul>\n<p style=\"text-align: justify;\">Los medios principales est\u00e1n gestionados en conformidad con las normas internacionales de seguridad ISM (International Security Management) El fondo t\u00e9cnico de ingenier\u00eda y el Know-how adquiridos a lo largo de 4 generaciones por <span style=\"font-weight: bold;\"> LA DRAGAGGI s.r.l.<\/span> son capaces de ofrecer soluciones a las problem\u00e1ticas relacionadas con el dragado de puertos, dragado de muelles, relleno costero, hidr\u00e1ulica fluvial y construcciones mar\u00edtimas. La inversi\u00f3n continua y constante en la investigaci\u00f3n de tecnolog\u00edas m\u00e1s a la vanguardia, ha llevado a <span style=\"font-weight: bold;\"> LA DRAGAGGI s.r.l.<\/span> a tener los medios \u00fanicos con peculiaridades exclusivas en contexto italiano, en grado de realizar operaciones en el ramo mar\u00edtimo y costero en el modo m\u00e1s eficaz y duradero. Las situaciones constantes de d\u00e9ficit sedimentario, presentes en la mayor parte de los litorales de la pen\u00ednsula, han llevado a <span style=\"font-weight: bold;\"> LA DRAGAGGI s.r.l.<\/span> a especializarse en la extracci\u00f3n de arena en canteras marinas y en el drenaje selectivo superficial con precisi\u00f3n de unos pocos cent\u00edmetros.<br \/>\n<strong>LA DRAGAGGI s.r.l.<\/strong> est\u00e1 certificado para la conformidad del Sistema de Gesti\u00f3n de Calidad con la norma ISO 9001:2015, para la conformidad del Sistema de Gesti\u00f3n Ambiental con la norma ISO 14001:2015 y para la conformidad del Sistema de gesti\u00f3n de Seguridad y Salud con la norma ISO 45001:2018 para el siguiente sector de actividad: EJECUCI\u00d3N DE OBRAS MAR\u00cdTIMAS Y Fluviales, OPERACIONES DE EXCAVACI\u00d3N Y DRAGADO.<br \/>\nLa empresa adem\u00e1s, posee la calificacione SOA Cat. 0G7 OBRAS MAR\u00cdTIMAS Y TRABAJOS DE DRAGADO clasificaci\u00f3n VII.<br \/>\nEn 2021 esta Organizaci\u00f3n adopt\u00f3 un sistema de gesti\u00f3n ambiental conforme al Reglamento <strong>EMAS<\/strong> con el fin de implementar la mejora continua de su desempe\u00f1o ambiental y publicar una declaraci\u00f3n ambiental.<\/p>\n<p>[\/vc_column_text][\/vc_column][\/vc_row][vc_row][vc_column][vc_empty_space height=\u00bb10px\u00bb][\/vc_column][\/vc_row][vc_row full_width=\u00bbstretch_row\u00bb equal_height=\u00bbyes\u00bb content_placement=\u00bbmiddle\u00bb][vc_column width=\u00bb1\/5&#8243;][vc_single_image image=\u00bb3211&#8243; img_size=\u00bbfull\u00bb alignment=\u00bbcenter\u00bb][\/vc_column][vc_column width=\u00bb1\/5&#8243;][vc_single_image image=\u00bb3203&#8243; img_size=\u00bbfull\u00bb alignment=\u00bbcenter\u00bb][\/vc_column][vc_column width=\u00bb1\/5&#8243;][vc_single_image image=\u00bb6152&#8243; img_size=\u00bbfull\u00bb alignment=\u00bbcenter\u00bb][\/vc_column][vc_column width=\u00bb1\/5&#8243;][vc_single_image image=\u00bb4195&#8243; img_size=\u00bbfull\u00bb alignment=\u00bbcenter\u00bb onclick=\u00bbcustom_link\u00bb img_link_target=\u00bb_blank\u00bb link=\u00bbhttps:\/\/www.ladragaggi.it\/wp-content\/uploads\/2023\/01\/Politica-QAS-2022.pdf\u00bb css=\u00bb.vc_custom_1673340823702{border-top-width: 1px !important;border-right-width: 1px !important;border-bottom-width: 1px !important;border-left-width: 1px !important;border-left-color: #e8e8e8 !important;border-left-style: solid !important;border-right-color: #e8e8e8 !important;border-right-style: solid !important;border-top-color: #e8e8e8 !important;border-top-style: solid !important;border-bottom-color: #e8e8e8 !important;border-bottom-style: solid !important;}\u00bb][\/vc_column][vc_column width=\u00bb1\/5&#8243;][vc_single_image image=\u00bb4194&#8243; img_size=\u00bbfull\u00bb alignment=\u00bbcenter\u00bb onclick=\u00bbcustom_link\u00bb img_link_target=\u00bb_blank\u00bb link=\u00bbhttps:\/\/www.ladragaggi.it\/wp-content\/uploads\/2020\/10\/frontespizio-e-indice-MOG-E-CODICE-ETICO.pdf\u00bb css=\u00bb.vc_custom_1634029225708{border-top-width: 1px !important;border-right-width: 1px !important;border-bottom-width: 1px !important;border-left-width: 1px !important;border-left-color: #e8e8e8 !important;border-left-style: solid !important;border-right-color: #e8e8e8 !important;border-right-style: solid !important;border-top-color: #e8e8e8 !important;border-top-style: solid !important;border-bottom-color: #e8e8e8 !important;border-bottom-style: solid !important;}\u00bb][\/vc_column][\/vc_row][vc_row][vc_column][vc_empty_space height=\u00bb20px\u00bb][\/vc_column][\/vc_row][vc_row equal_height=\u00bbyes\u00bb content_placement=\u00bbmiddle\u00bb][vc_column width=\u00bb1\/5&#8243;][\/vc_column][vc_column width=\u00bb1\/5&#8243;][vc_single_image image=\u00bb5730&#8243; img_size=\u00bbfull\u00bb alignment=\u00bbcenter\u00bb][\/vc_column][vc_column width=\u00bb1\/5&#8243;][vc_single_image image=\u00bb6220&#8243; img_size=\u00bbfull\u00bb alignment=\u00bbcenter\u00bb onclick=\u00bbcustom_link\u00bb img_link_target=\u00bb_blank\u00bb link=\u00bbhttps:\/\/www.ladragaggi.it\/wp-content\/uploads\/2025\/04\/DA-La-Dragaggi-convalidato-04.04.2025.pdf\u00bb css=\u00bb.vc_custom_1744626734513{border-top-width: 1px !important;border-right-width: 1px !important;border-bottom-width: 1px !important;border-left-width: 1px !important;border-left-color: #d8d8d8 !important;border-left-style: solid !important;border-right-color: #d8d8d8 !important;border-right-style: solid !important;border-top-color: #d8d8d8 !important;border-top-style: solid !important;border-bottom-color: #d8d8d8 !important;border-bottom-style: solid !important;}\u00bb][\/vc_column][vc_column width=\u00bb1\/5&#8243;][vc_single_image image=\u00bb6048&#8243; img_size=\u00bbfull\u00bb alignment=\u00bbcenter\u00bb][\/vc_column][vc_column width=\u00bb1\/5&#8243;][\/vc_column][\/vc_row]<\/p>","protected":false},"excerpt":{"rendered":"<p>[vc_row][vc_column][vc_custom_heading text=\u00bbEmpresa\u00bb use_theme_fonts=\u00bbyes\u00bb el_class=\u00bbtitle\u00bb][vc_column_text] LA DRAGAGGI s.r.l. es una empresa importante de Venecia que opera en el sector mar\u00edtimo y fluvial- lagunar desde inicios del siglo pasado, orientada espec\u00edficamente en trabajos de dragados, nivelado de fondos marinos, rellenos costeros, formaci\u00f3n &hellip;<\/p>\n","protected":false},"author":1,"featured_media":0,"parent":0,"menu_order":0,"comment_status":"open","ping_status":"open","template":"","meta":{"footnotes":""},"class_list":["post-86","page","type-page","status-publish","hentry"],"_links":{"self":[{"href":"https:\/\/www.ladragaggi.it\/es\/wp-json\/wp\/v2\/pages\/86","targetHints":{"allow":["GET"]}}],"collection":[{"href":"https:\/\/www.ladragaggi.it\/es\/wp-json\/wp\/v2\/pages"}],"about":[{"href":"https:\/\/www.ladragaggi.it\/es\/wp-json\/wp\/v2\/types\/page"}],"author":[{"embeddable":true,"href":"https:\/\/www.ladragaggi.it\/es\/wp-json\/wp\/v2\/users\/1"}],"replies":[{"embeddable":true,"href":"https:\/\/www.ladragaggi.it\/es\/wp-json\/wp\/v2\/comments?post=86"}],"version-history":[{"count":221,"href":"https:\/\/www.ladragaggi.it\/es\/wp-json\/wp\/v2\/pages\/86\/revisions"}],"predecessor-version":[{"id":6287,"href":"https:\/\/www.ladragaggi.it\/es\/wp-json\/wp\/v2\/pages\/86\/revisions\/6287"}],"wp:attachment":[{"href":"https:\/\/www.ladragaggi.it\/es\/wp-json\/wp\/v2\/media?parent=86"}],"curies":[{"name":"wp","href":"https:\/\/api.w.org\/{rel}","templated":true}]}}