{"id":5286,"date":"2022-09-02T16:08:41","date_gmt":"2022-09-02T14:08:41","guid":{"rendered":"https:\/\/www.ladragaggi.it\/?page_id=5286"},"modified":"2024-01-08T17:46:08","modified_gmt":"2024-01-08T15:46:08","slug":"marina-di-carrara-lavorazioni-speciali","status":"publish","type":"page","link":"https:\/\/www.ladragaggi.it\/es\/marina-di-carrara-lavorazioni-speciali\/","title":{"rendered":"MARINA DI CARRARA &#8211; TRABAJOS ESPECIALES"},"content":{"rendered":"<p>[vc_row][vc_column][vc_column_text]<a title=\"LAvorazioni Speciali\" href=\"..\/portfolio\/lavorazioni-speciali\/\">Torna alla pagina Lavorazioni Speciali<\/a><\/p>\n<p style=\"text-align: center;\"><strong>Dragado del Puerto de MARINA DI CARRARA con gesti\u00f3n del material dragado (transferencia al dep\u00f3sito de tierra) y protecci\u00f3n a pie de muelle de Buscaiol con colocaci\u00f3n de colchones de hormig\u00f3n estabilizados con sacos de \u00e1ridos<\/strong><\/p>\n<p><em>Realizado por la empresa La Dragaggi srl con el <a title=\"M\/N Draga \u201cGINO CUCCO\u201d\" href=\"https:\/\/www.ladragaggi.it\/it\/portfolio\/m-n-draga-gino-cucco\/\">M\/N Draga Gino Cucco<\/a> y con la <a href=\"https:\/\/www.ladragaggi.it\/es\/portfolio\/giuseppe-cucco\/\">M\/N Betta Giuseppe Cucco<\/a><\/em><\/p>\n<p>2020[\/vc_column_text][vc_images_carousel images=\u00bb5287,5288,5289,5290,5291,5292,5293,5294,5295,5296,5297,5298,5299,5300,5301,5302,5303,5304,5305&#8243; img_size=\u00bblarge\u00bb][\/vc_column][\/vc_row]<\/p>","protected":false},"excerpt":{"rendered":"<p>[vc_row][vc_column][vc_column_text]Torna alla pagina Lavorazioni Speciali Dragado del Puerto de MARINA DI CARRARA con gesti\u00f3n del material dragado (transferencia al dep\u00f3sito de tierra) y protecci\u00f3n a pie de muelle de Buscaiol con colocaci\u00f3n de colchones de hormig\u00f3n estabilizados con sacos de &hellip;<\/p>\n","protected":false},"author":4,"featured_media":0,"parent":0,"menu_order":0,"comment_status":"closed","ping_status":"closed","template":"","meta":{"footnotes":""},"class_list":["post-5286","page","type-page","status-publish","hentry"],"_links":{"self":[{"href":"https:\/\/www.ladragaggi.it\/es\/wp-json\/wp\/v2\/pages\/5286","targetHints":{"allow":["GET"]}}],"collection":[{"href":"https:\/\/www.ladragaggi.it\/es\/wp-json\/wp\/v2\/pages"}],"about":[{"href":"https:\/\/www.ladragaggi.it\/es\/wp-json\/wp\/v2\/types\/page"}],"author":[{"embeddable":true,"href":"https:\/\/www.ladragaggi.it\/es\/wp-json\/wp\/v2\/users\/4"}],"replies":[{"embeddable":true,"href":"https:\/\/www.ladragaggi.it\/es\/wp-json\/wp\/v2\/comments?post=5286"}],"version-history":[{"count":2,"href":"https:\/\/www.ladragaggi.it\/es\/wp-json\/wp\/v2\/pages\/5286\/revisions"}],"predecessor-version":[{"id":5988,"href":"https:\/\/www.ladragaggi.it\/es\/wp-json\/wp\/v2\/pages\/5286\/revisions\/5988"}],"wp:attachment":[{"href":"https:\/\/www.ladragaggi.it\/es\/wp-json\/wp\/v2\/media?parent=5286"}],"curies":[{"name":"wp","href":"https:\/\/api.w.org\/{rel}","templated":true}]}}