{"id":349,"date":"2013-05-15T09:00:12","date_gmt":"2013-05-15T09:00:12","guid":{"rendered":"http:\/\/95.110.179.245\/ladragaggi2\/?page_id=349"},"modified":"2021-10-15T14:55:48","modified_gmt":"2021-10-15T12:55:48","slug":"processo-di-washing-sedimentologico","status":"publish","type":"page","link":"https:\/\/www.ladragaggi.it\/es\/processo-di-washing-sedimentologico\/","title":{"rendered":"Proceso de washing sedimentol\u00f3gico"},"content":{"rendered":"<p><\/p>\n<p>[vc_row][vc_column][vc_column_text]<a title=\"GINO CUCCO\" href=\"https:\/\/www.ladragaggi.it\/it\/portfolio\/m-n-draga-gino-cucco\/\">Volver a la descripci\u00f3n M\/N Gino Cucco<\/a>[\/vc_column_text][\/vc_column][\/vc_row][vc_row][vc_column width=\u00bb5\/12&#8243;][vc_single_image image=\u00bb357&#8243; img_size=\u00bbfull\u00bb alignment=\u00bbcenter\u00bb][\/vc_column][vc_column width=\u00bb7\/12&#8243;][vc_custom_heading text=\u00bbProceso de \u201cwashing sedimentol\u00f3gico\u201d mediante \u201coverflow system\u201d\u00bb use_theme_fonts=\u00bbyes\u00bb el_class=\u00bbtitle\u00bb][vc_column_text]<\/p>\n<p style=\"text-align: justify;\">El material tomado por la M\/N Draga Gino Cucco es succionado en forma de mezcla agua-arena; como resultado, la fracci\u00f3n de gr\u00e1nulo de arena, que se dispondr\u00e1 en el fondo de la tolva, se lixivia del componente m\u00e1s fino, que contiene limo y arcilla que queda suspendido y sucesivamente devuelto al mar a trav\u00e9s de vertederos laterales (overflow system).<br \/>\n\u00c9sta es una gran ventaja para los prop\u00f3sitos de relleno porque, razonando en t\u00e9rminos de gr\u00e1nulos, el material recogido por la draga tendr\u00e1 un valor de D50 muy superior a aquellos recogidos con otras t\u00e9cnicas, ya que expulsa buena parte de las fracciones finas.[\/vc_column_text][\/vc_column][\/vc_row]<\/p>\n<p><\/p>","protected":false},"excerpt":{"rendered":"<p>[vc_row][vc_column][vc_column_text]Volver a la descripci\u00f3n M\/N Gino Cucco[\/vc_column_text][\/vc_column][\/vc_row][vc_row][vc_column width=\u00bb5\/12&#8243;][vc_single_image image=\u00bb357&#8243; img_size=\u00bbfull\u00bb alignment=\u00bbcenter\u00bb][\/vc_column][vc_column width=\u00bb7\/12&#8243;][vc_custom_heading text=\u00bbProceso de \u201cwashing sedimentol\u00f3gico\u201d mediante \u201coverflow system\u201d\u00bb use_theme_fonts=\u00bbyes\u00bb el_class=\u00bbtitle\u00bb][vc_column_text] El material tomado por la M\/N Draga Gino Cucco es succionado en forma de mezcla agua-arena; como resultado, la &hellip;<\/p>\n","protected":false},"author":1,"featured_media":0,"parent":0,"menu_order":0,"comment_status":"open","ping_status":"open","template":"","meta":{"footnotes":""},"class_list":["post-349","page","type-page","status-publish","hentry"],"_links":{"self":[{"href":"https:\/\/www.ladragaggi.it\/es\/wp-json\/wp\/v2\/pages\/349","targetHints":{"allow":["GET"]}}],"collection":[{"href":"https:\/\/www.ladragaggi.it\/es\/wp-json\/wp\/v2\/pages"}],"about":[{"href":"https:\/\/www.ladragaggi.it\/es\/wp-json\/wp\/v2\/types\/page"}],"author":[{"embeddable":true,"href":"https:\/\/www.ladragaggi.it\/es\/wp-json\/wp\/v2\/users\/1"}],"replies":[{"embeddable":true,"href":"https:\/\/www.ladragaggi.it\/es\/wp-json\/wp\/v2\/comments?post=349"}],"version-history":[{"count":33,"href":"https:\/\/www.ladragaggi.it\/es\/wp-json\/wp\/v2\/pages\/349\/revisions"}],"predecessor-version":[{"id":4291,"href":"https:\/\/www.ladragaggi.it\/es\/wp-json\/wp\/v2\/pages\/349\/revisions\/4291"}],"wp:attachment":[{"href":"https:\/\/www.ladragaggi.it\/es\/wp-json\/wp\/v2\/media?parent=349"}],"curies":[{"name":"wp","href":"https:\/\/api.w.org\/{rel}","templated":true}]}}